{"id":2842,"date":"2025-11-05T00:47:21","date_gmt":"2025-11-05T00:47:21","guid":{"rendered":"https:\/\/talcenter.ca\/?page_id=2842"},"modified":"2026-03-16T19:24:07","modified_gmt":"2026-03-16T19:24:07","slug":"children-art","status":"publish","type":"page","link":"https:\/\/talcenter.ca\/fr\/children-art\/","title":{"rendered":"LES ENFANTS ET L'ART"},"content":{"rendered":"<div data-elementor-type=\"wp-page\" data-elementor-id=\"2842\" class=\"elementor elementor-2842\" data-elementor-post-type=\"page\">\n\t\t\t\t<div class=\"elementor-element elementor-element-407fe08e e-flex e-con-boxed elementor-invisible e-con e-parent\" data-id=\"407fe08e\" data-element_type=\"container\" data-e-type=\"container\" data-settings=\"{&quot;background_background&quot;:&quot;classic&quot;,&quot;animation&quot;:&quot;fadeIn&quot;}\">\n\t\t\t\t\t<div class=\"e-con-inner\">\n\t\t\t\t<div class=\"elementor-element elementor-element-15ee6761 elementor-widget elementor-widget-spacer\" data-id=\"15ee6761\" data-element_type=\"widget\" data-e-type=\"widget\" data-widget_type=\"spacer.default\">\n\t\t\t\t<div class=\"elementor-widget-container\">\n\t\t\t\t\t\t\t<div class=\"elementor-spacer\">\n\t\t\t<div class=\"elementor-spacer-inner\"><\/div>\n\t\t<\/div>\n\t\t\t\t\t\t<\/div>\n\t\t\t\t<\/div>\n\t\t\t\t\t<\/div>\n\t\t\t\t<\/div>\n\t\t<div class=\"elementor-element elementor-element-fb69317 e-flex e-con-boxed e-con e-parent\" data-id=\"fb69317\" data-element_type=\"container\" data-e-type=\"container\" data-settings=\"{&quot;background_background&quot;:&quot;classic&quot;}\">\n\t\t\t\t\t<div class=\"e-con-inner\">\n\t\t<div class=\"elementor-element elementor-element-8e43ddc e-con-full e-flex e-con e-child\" data-id=\"8e43ddc\" data-element_type=\"container\" data-e-type=\"container\">\n\t\t\t\t<div class=\"elementor-element elementor-element-e87155e elementor-widget__width-inherit elementor-widget-divider--view-line elementor-invisible elementor-widget elementor-widget-divider\" data-id=\"e87155e\" data-element_type=\"widget\" data-e-type=\"widget\" data-settings=\"{&quot;_animation&quot;:&quot;fadeInLeft&quot;}\" data-widget_type=\"divider.default\">\n\t\t\t\t<div class=\"elementor-widget-container\">\n\t\t\t\t\t\t\t<div class=\"elementor-divider\">\n\t\t\t<span class=\"elementor-divider-separator\">\n\t\t\t\t\t\t<\/span>\n\t\t<\/div>\n\t\t\t\t\t\t<\/div>\n\t\t\t\t<\/div>\n\t\t\t\t<div class=\"elementor-element elementor-element-10b58ee elementor-widget__width-initial elementor-widget-tablet__width-inherit elementor-widget elementor-widget-heading\" data-id=\"10b58ee\" data-element_type=\"widget\" data-e-type=\"widget\" data-widget_type=\"heading.default\">\n\t\t\t\t<div class=\"elementor-widget-container\">\n\t\t\t\t\t<h1 class=\"elementor-heading-title elementor-size-default\">LES ENFANTS ET L'ART<\/h1>\t\t\t\t<\/div>\n\t\t\t\t<\/div>\n\t\t\t\t<div class=\"elementor-element elementor-element-ef46f22 elementor-widget__width-initial elementor-widget-tablet__width-inherit elementor-widget elementor-widget-text-editor\" data-id=\"ef46f22\" data-element_type=\"widget\" data-e-type=\"widget\" data-widget_type=\"text-editor.default\">\n\t\t\t\t<div class=\"elementor-widget-container\">\n\t\t\t\t\t\t\t\t\t<p class=\"p1\">Regarder les enfants cr\u00e9er des \u0153uvres d'art est incroyable. Parfois, ce sont de petites mains qui bougent et cr\u00e9ent, des sourires et des rires, et m\u00eame un peu de d\u00e9sordre.<\/p>\t\t\t\t\t\t\t\t<\/div>\n\t\t\t\t<\/div>\n\t\t\t\t<\/div>\n\t\t\t\t\t<\/div>\n\t\t\t\t<\/div>\n\t\t<div class=\"elementor-element elementor-element-f04928e e-flex e-con-boxed e-con e-parent\" data-id=\"f04928e\" data-element_type=\"container\" data-e-type=\"container\">\n\t\t\t\t\t<div class=\"e-con-inner\">\n\t\t<div class=\"elementor-element elementor-element-765f443 e-con-full e-flex e-con e-child\" data-id=\"765f443\" data-element_type=\"container\" data-e-type=\"container\">\n\t\t\t\t<div class=\"elementor-element elementor-element-ca3832f elementor-widget__width-initial elementor-widget elementor-widget-text-editor\" data-id=\"ca3832f\" data-element_type=\"widget\" data-e-type=\"widget\" data-widget_type=\"text-editor.default\">\n\t\t\t\t<div class=\"elementor-widget-container\">\n\t\t\t\t\t\t\t\t\t<p>C'est mon travail aupr\u00e8s des enfants qui m'a inspir\u00e9e \u00e0 embrasser une carri\u00e8re dans les arts th\u00e9rapeutiques. J'ai travaill\u00e9 dans le milieu scolaire pendant plusieurs ann\u00e9es et j'ai pu constater \u00e0 quel point les enfants ont besoin d'aide, aujourd'hui plus que jamais. Beaucoup d'entre eux ont de la difficult\u00e9 \u00e0 se concentrer pendant plus d'une minute ou \u00e0 rester attentifs, ce qui nuit souvent \u00e0 leurs r\u00e9sultats scolaires et \u00e0 leur comportement. Certains de ces enfants sont \u00e9tiquet\u00e9s comme \u00ab difficiles \u00bb. Je crois qu'il existe des moyens d'atteindre ces enfants.<\/p><p>Un autre aspect de cette pratique consiste \u00e0 observer en temps r\u00e9el un enfant d\u00e9couvrir quelque chose par lui-m\u00eame. Il s'agit parfois d'\u00e9motions complexes, parfois d'\u00e9motions plus simples. Certaines s\u00e9ances sont simplement une pratique apaisante qui aide \u00e0 se recentrer. Tout cela avec rien d'autre que des marqueurs et du papier !<\/p><p>Une enfant en col\u00e8re pourrait commencer par peindre toute une page en noir, car c'est ce qu'elle ressent \u00e0 ce moment-l\u00e0. Puis, apr\u00e8s une p\u00e9riode d'introspection, elle regarde son dessin et d\u00e9cide qu'il est trop sombre, alors elle commence \u00e0 ajouter de la couleur, peut-\u00eatre un soleil et des fleurs. Peut-\u00eatre s'est-il rendu compte que les choses n'\u00e9taient pas aussi mauvaises qu'elles le semblaient, ou peut-\u00eatre n'aimait-il tout simplement pas le noir et a-t-il choisi d'ajouter d'autres \u00e9l\u00e9ments. Quoi qu'il en soit, cet enfant \u00e9tait d'une certaine humeur il y a quelques minutes et voit maintenant les choses l\u00e9g\u00e8rement diff\u00e9remment.<\/p>\t\t\t\t\t\t\t\t<\/div>\n\t\t\t\t<\/div>\n\t\t\t\t<div class=\"elementor-element elementor-element-a5fa92b elementor-widget__width-initial elementor-widget elementor-widget-text-editor\" data-id=\"a5fa92b\" data-element_type=\"widget\" data-e-type=\"widget\" data-widget_type=\"text-editor.default\">\n\t\t\t\t<div class=\"elementor-widget-container\">\n\t\t\t\t\t\t\t\t\t<p>C'est ce que permet la connexion \u00e0 soi-m\u00eame \u00e0 travers l'art. Elle offre un espace-temps pour r\u00e9fl\u00e9chir sans influences ext\u00e9rieures ni distractions.<\/p>\n<p>Je ne m'int\u00e9resse pas particuli\u00e8rement aux causes, mais je soup\u00e7onne que les \u00e9crans et la technologie figurent en bonne place sur la liste. Ce qui me pr\u00e9occupe, c'est le manque d'outils et de connaissances disponibles pour aider ces enfants.<\/p>\n<p>Je suis ici pour vous dire qu'il existe des aides, qui peuvent m\u00eame \u00eatre gratuites. Il suffit d'un peu d'effort. Google et YouTube seront vos meilleurs alli\u00e9s. Il existe de nombreuses vid\u00e9os p\u00e9dagogiques en ligne, certaines ne durent que quelques minutes et utilisent des outils que vous poss\u00e9dez probablement d\u00e9j\u00e0. Papier, stylos, crayons, peu importe le mat\u00e9riel que vous utilisez et le r\u00e9sultat final. Cela ne doit pas \u00eatre stressant. Le but de ce type d'activit\u00e9s avec les enfants et les adultes est de passer quelques minutes sans trop r\u00e9fl\u00e9chir et de s'amuser en cr\u00e9ant. Et si vous voulez aller un peu plus loin, lisez quelques livres. Les biblioth\u00e8ques locales sont une excellente ressource, tout comme Amazon ou&nbsp;<a href=\"https:\/\/talcenter.ca\/fr\/contact\/\" target=\"_blank\" rel=\"noopener\"><span style=\"text-decoration: underline;\">s'inscrire \u00e0 une session<\/span><\/a>!<\/p>\t\t\t\t\t\t\t\t<\/div>\n\t\t\t\t<\/div>\n\t\t\t\t<\/div>\n\t\t\t\t\t<\/div>\n\t\t\t\t<\/div>\n\t\t<div class=\"elementor-element elementor-element-3669530 e-flex e-con-boxed e-con e-parent\" data-id=\"3669530\" data-element_type=\"container\" data-e-type=\"container\" data-settings=\"{&quot;background_background&quot;:&quot;classic&quot;}\">\n\t\t\t\t\t<div class=\"e-con-inner\">\n\t\t\t\t<div class=\"elementor-element elementor-element-0f1f838 elementor-widget elementor-widget-heading\" data-id=\"0f1f838\" data-element_type=\"widget\" data-e-type=\"widget\" data-widget_type=\"heading.default\">\n\t\t\t\t<div class=\"elementor-widget-container\">\n\t\t\t\t\t<h2 class=\"elementor-heading-title elementor-size-default\">Commencez votre voyage en regardant cette superbe vid\u00e9o !<\/h2>\t\t\t\t<\/div>\n\t\t\t\t<\/div>\n\t\t\t\t<div class=\"elementor-element elementor-element-a8521c5 elementor-widget elementor-widget-html\" data-id=\"a8521c5\" data-element_type=\"widget\" data-e-type=\"widget\" data-widget_type=\"html.default\">\n\t\t\t\t<div class=\"elementor-widget-container\">\n\t\t\t\t\t<iframe width=\"560\" height=\"315\" src=\"https:\/\/www.youtube.com\/embed\/Px5wLQqEbwU?si=D2X9FSgm1jo0VGg3\" title=\"YouTube video player\" frameborder=\"0\" allow=\"accelerometer; autoplay; clipboard-write; encrypted-media; gyroscope; picture-in-picture; web-share\" referrerpolicy=\"strict-origin-when-cross-origin\" allowfullscreen><\/iframe>\t\t\t\t<\/div>\n\t\t\t\t<\/div>\n\t\t\t\t\t<\/div>\n\t\t\t\t<\/div>\n\t\t\t\t<\/div>","protected":false},"excerpt":{"rendered":"<p>CHILDREN &amp; ART Watching children create works of art is amazing. Sometimes it\u2019s little hands moving &amp; creating, smiles &amp; giggles, &amp; even getting\u00a0 a little messy. Working with children was the inspiration behind my career in Therapeutic arts. I worked in the school system for several years and saw first hand how much help [&hellip;]<\/p>\n","protected":false},"author":1,"featured_media":0,"parent":0,"menu_order":0,"comment_status":"closed","ping_status":"closed","template":"","meta":{"footnotes":""},"class_list":["post-2842","page","type-page","status-publish","hentry"],"_links":{"self":[{"href":"https:\/\/talcenter.ca\/fr\/wp-json\/wp\/v2\/pages\/2842","targetHints":{"allow":["GET"]}}],"collection":[{"href":"https:\/\/talcenter.ca\/fr\/wp-json\/wp\/v2\/pages"}],"about":[{"href":"https:\/\/talcenter.ca\/fr\/wp-json\/wp\/v2\/types\/page"}],"author":[{"embeddable":true,"href":"https:\/\/talcenter.ca\/fr\/wp-json\/wp\/v2\/users\/1"}],"replies":[{"embeddable":true,"href":"https:\/\/talcenter.ca\/fr\/wp-json\/wp\/v2\/comments?post=2842"}],"version-history":[{"count":97,"href":"https:\/\/talcenter.ca\/fr\/wp-json\/wp\/v2\/pages\/2842\/revisions"}],"predecessor-version":[{"id":3748,"href":"https:\/\/talcenter.ca\/fr\/wp-json\/wp\/v2\/pages\/2842\/revisions\/3748"}],"wp:attachment":[{"href":"https:\/\/talcenter.ca\/fr\/wp-json\/wp\/v2\/media?parent=2842"}],"curies":[{"name":"wp","href":"https:\/\/api.w.org\/{rel}","templated":true}]}}