{"id":2833,"date":"2025-11-05T00:44:04","date_gmt":"2025-11-05T00:44:04","guid":{"rendered":"https:\/\/talcenter.ca\/?page_id=2833"},"modified":"2026-03-10T21:37:50","modified_gmt":"2026-03-10T21:37:50","slug":"science-of-art","status":"publish","type":"page","link":"https:\/\/talcenter.ca\/fr\/science-of-art\/","title":{"rendered":"SCIENCE DE L'ART"},"content":{"rendered":"<div data-elementor-type=\"wp-page\" data-elementor-id=\"2833\" class=\"elementor elementor-2833\" data-elementor-post-type=\"page\">\n\t\t\t\t<div class=\"elementor-element elementor-element-143ec25e animated-fast e-flex e-con-boxed elementor-invisible e-con e-parent\" data-id=\"143ec25e\" data-element_type=\"container\" data-e-type=\"container\" data-settings=\"{&quot;background_background&quot;:&quot;classic&quot;,&quot;animation&quot;:&quot;fadeIn&quot;}\">\n\t\t\t\t\t<div class=\"e-con-inner\">\n\t\t\t\t<div class=\"elementor-element elementor-element-515c202e elementor-widget elementor-widget-spacer\" data-id=\"515c202e\" data-element_type=\"widget\" data-e-type=\"widget\" data-widget_type=\"spacer.default\">\n\t\t\t\t<div class=\"elementor-widget-container\">\n\t\t\t\t\t\t\t<div class=\"elementor-spacer\">\n\t\t\t<div class=\"elementor-spacer-inner\"><\/div>\n\t\t<\/div>\n\t\t\t\t\t\t<\/div>\n\t\t\t\t<\/div>\n\t\t\t\t\t<\/div>\n\t\t\t\t<\/div>\n\t\t<div class=\"elementor-element elementor-element-1bfa7e1 e-flex e-con-boxed e-con e-parent\" data-id=\"1bfa7e1\" data-element_type=\"container\" data-e-type=\"container\" data-settings=\"{&quot;background_background&quot;:&quot;classic&quot;}\">\n\t\t\t\t\t<div class=\"e-con-inner\">\n\t\t<div class=\"elementor-element elementor-element-d0a96a8 e-con-full e-flex e-con e-child\" data-id=\"d0a96a8\" data-element_type=\"container\" data-e-type=\"container\">\n\t\t\t\t<div class=\"elementor-element elementor-element-2e1efce elementor-widget__width-inherit elementor-widget-divider--view-line elementor-invisible elementor-widget elementor-widget-divider\" data-id=\"2e1efce\" data-element_type=\"widget\" data-e-type=\"widget\" data-settings=\"{&quot;_animation&quot;:&quot;fadeInLeft&quot;}\" data-widget_type=\"divider.default\">\n\t\t\t\t<div class=\"elementor-widget-container\">\n\t\t\t\t\t\t\t<div class=\"elementor-divider\">\n\t\t\t<span class=\"elementor-divider-separator\">\n\t\t\t\t\t\t<\/span>\n\t\t<\/div>\n\t\t\t\t\t\t<\/div>\n\t\t\t\t<\/div>\n\t\t\t\t<div class=\"elementor-element elementor-element-79999f0 elementor-widget__width-initial elementor-widget-tablet__width-inherit elementor-widget elementor-widget-heading\" data-id=\"79999f0\" data-element_type=\"widget\" data-e-type=\"widget\" data-widget_type=\"heading.default\">\n\t\t\t\t<div class=\"elementor-widget-container\">\n\t\t\t\t\t<h1 class=\"elementor-heading-title elementor-size-default\">Un peu de science derri\u00e8re l'art<\/h1>\t\t\t\t<\/div>\n\t\t\t\t<\/div>\n\t\t\t\t<div class=\"elementor-element elementor-element-90cbe98 elementor-widget__width-initial elementor-widget-tablet__width-inherit elementor-widget elementor-widget-text-editor\" data-id=\"90cbe98\" data-element_type=\"widget\" data-e-type=\"widget\" data-widget_type=\"text-editor.default\">\n\t\t\t\t<div class=\"elementor-widget-container\">\n\t\t\t\t\t\t\t\t\t<p class=\"p1\">Depuis des milliers d'ann\u00e9es, les gens se tournent vers l'art pour s'exprimer, se soigner et cr\u00e9er des liens.<br \/>Aujourd'hui, la science nous aide \u00e0 comprendre pourquoi : la cr\u00e9ativit\u00e9 ne se contente pas de nous inspirer, elle transforme notre cerveau.<\/p>\t\t\t\t\t\t\t\t<\/div>\n\t\t\t\t<\/div>\n\t\t\t\t<\/div>\n\t\t\t\t\t<\/div>\n\t\t\t\t<\/div>\n\t\t<div class=\"elementor-element elementor-element-b6783e0 e-flex e-con-boxed e-con e-parent\" data-id=\"b6783e0\" data-element_type=\"container\" data-e-type=\"container\">\n\t\t\t\t\t<div class=\"e-con-inner\">\n\t\t<div class=\"elementor-element elementor-element-8d44324 e-con-full e-flex e-con e-child\" data-id=\"8d44324\" data-element_type=\"container\" data-e-type=\"container\">\n\t\t<div class=\"elementor-element elementor-element-2d1e64c e-con-full e-flex e-con e-child\" data-id=\"2d1e64c\" data-element_type=\"container\" data-e-type=\"container\">\n\t\t\t\t<div class=\"elementor-element elementor-element-0b58786 elementor-widget elementor-widget-heading\" data-id=\"0b58786\" data-element_type=\"widget\" data-e-type=\"widget\" data-widget_type=\"heading.default\">\n\t\t\t\t<div class=\"elementor-widget-container\">\n\t\t\t\t\t<h2 class=\"elementor-heading-title elementor-size-default\">Une pratique intemporelle<\/h2>\t\t\t\t<\/div>\n\t\t\t\t<\/div>\n\t\t\t\t<div class=\"elementor-element elementor-element-bfe59d7 elementor-widget elementor-widget-image\" data-id=\"bfe59d7\" data-element_type=\"widget\" data-e-type=\"widget\" data-widget_type=\"image.default\">\n\t\t\t\t<div class=\"elementor-widget-container\">\n\t\t\t\t\t\t\t\t\t\t\t\t\t\t\t<img fetchpriority=\"high\" decoding=\"async\" width=\"768\" height=\"525\" src=\"https:\/\/talcenter.ca\/wp-content\/uploads\/2025\/11\/caveman-drawings-768x525.webp\" class=\"attachment-medium_large size-medium_large wp-image-2981\" alt=\"\" srcset=\"https:\/\/talcenter.ca\/wp-content\/uploads\/2025\/11\/caveman-drawings-768x525.webp 768w, https:\/\/talcenter.ca\/wp-content\/uploads\/2025\/11\/caveman-drawings-300x205.webp 300w, https:\/\/talcenter.ca\/wp-content\/uploads\/2025\/11\/caveman-drawings-1024x700.webp 1024w, https:\/\/talcenter.ca\/wp-content\/uploads\/2025\/11\/caveman-drawings.webp 1500w\" sizes=\"(max-width: 768px) 100vw, 768px\" \/>\t\t\t\t\t\t\t\t\t\t\t\t\t\t\t<\/div>\n\t\t\t\t<\/div>\n\t\t\t\t<\/div>\n\t\t<div class=\"elementor-element elementor-element-b06926b e-con-full e-flex e-con e-child\" data-id=\"b06926b\" data-element_type=\"container\" data-e-type=\"container\">\n\t\t\t\t<div class=\"elementor-element elementor-element-656d3ff elementor-widget elementor-widget-text-editor\" data-id=\"656d3ff\" data-element_type=\"widget\" data-e-type=\"widget\" data-widget_type=\"text-editor.default\">\n\t\t\t\t<div class=\"elementor-widget-container\">\n\t\t\t\t\t\t\t\t\t<p>\u00c0 travers les cultures et les si\u00e8cles, les \u00eatres humains ont toujours compt\u00e9 sur les arts pour communiquer, lib\u00e9rer leurs \u00e9motions et trouver un sens \u00e0 leur vie. Bien avant l'apparition de l'\u00e9criture, l'art \u00e9tait notre moyen de raconter des histoires, de partager des exp\u00e9riences et de nous connecter \u00e0 quelque chose qui nous d\u00e9passait.<\/p>\t\t\t\t\t\t\t\t<\/div>\n\t\t\t\t<\/div>\n\t\t\t\t<div class=\"elementor-element elementor-element-cac4a94 elementor-widget elementor-widget-text-editor\" data-id=\"cac4a94\" data-element_type=\"widget\" data-e-type=\"widget\" data-widget_type=\"text-editor.default\">\n\t\t\t\t<div class=\"elementor-widget-container\">\n\t\t\t\t\t\t\t\t\tSource: \u201cArt Making and Expressive Art Therapy in Adult Health and Nursing Care: A Scoping Review\u201d \u2014 <span style=\"text-decoration: underline; color: black;\"><a href=\"https:\/\/pmc.ncbi.nlm.nih.gov\/articles\/PMC7859537\/\" target=\"_blank\" rel=\"noopener\">nlm.nih.gov<\/a><\/span>\t\t\t\t\t\t\t\t<\/div>\n\t\t\t\t<\/div>\n\t\t\t\t<\/div>\n\t\t\t\t<\/div>\n\t\t\t\t\t<\/div>\n\t\t\t\t<\/div>\n\t\t<div class=\"elementor-element elementor-element-e33a78c e-flex e-con-boxed e-con e-parent\" data-id=\"e33a78c\" data-element_type=\"container\" data-e-type=\"container\" data-settings=\"{&quot;background_background&quot;:&quot;classic&quot;}\">\n\t\t\t\t\t<div class=\"e-con-inner\">\n\t\t<div class=\"elementor-element elementor-element-f6a5d27 e-con-full e-flex e-con e-child\" data-id=\"f6a5d27\" data-element_type=\"container\" data-e-type=\"container\">\n\t\t\t\t<div class=\"elementor-element elementor-element-9c0f614 elementor-widget elementor-widget-heading\" data-id=\"9c0f614\" data-element_type=\"widget\" data-e-type=\"widget\" data-widget_type=\"heading.default\">\n\t\t\t\t<div class=\"elementor-widget-container\">\n\t\t\t\t\t<h2 class=\"elementor-heading-title elementor-size-default\">La cr\u00e9ativit\u00e9 et le cerveau<\/h2>\t\t\t\t<\/div>\n\t\t\t\t<\/div>\n\t\t\t\t<\/div>\n\t\t<div class=\"elementor-element elementor-element-5ee1bc6 e-con-full e-flex e-con e-child\" data-id=\"5ee1bc6\" data-element_type=\"container\" data-e-type=\"container\">\n\t\t<div class=\"elementor-element elementor-element-655cc9b e-con-full e-flex e-con e-child\" data-id=\"655cc9b\" data-element_type=\"container\" data-e-type=\"container\">\n\t\t\t\t<div class=\"elementor-element elementor-element-a9c2395 elementor-widget elementor-widget-text-editor\" data-id=\"a9c2395\" data-element_type=\"widget\" data-e-type=\"widget\" data-widget_type=\"text-editor.default\">\n\t\t\t\t<div class=\"elementor-widget-container\">\n\t\t\t\t\t\t\t\t\t<p class=\"p1\">\u00ab Tout ce qui stimule votre cr\u00e9ativit\u00e9 \u2014 la capacit\u00e9 \u00e0 \u00e9tablir des liens entre des choses sans rapport entre elles et \u00e0 imaginer de nouvelles fa\u00e7ons de communiquer \u2014 est bon pour vous. \u00bb<\/p>\t\t\t\t\t\t\t\t<\/div>\n\t\t\t\t<\/div>\n\t\t\t\t<div class=\"elementor-element elementor-element-0dcb242 elementor-widget elementor-widget-text-editor\" data-id=\"0dcb242\" data-element_type=\"widget\" data-e-type=\"widget\" data-widget_type=\"text-editor.default\">\n\t\t\t\t<div class=\"elementor-widget-container\">\n\t\t\t\t\t\t\t\t\t<p><em>\u2014\u00a0<span style=\"text-decoration: underline;\"><a href=\"https:\/\/drexel.edu\/cnhp\/faculty\/profiles\/KaimalGirija\/\" target=\"_blank\" rel=\"noopener\">Girija Kaimal<\/a><\/span>, Professor &amp; Researcher, Drexel University<\/em><\/p>\t\t\t\t\t\t\t\t<\/div>\n\t\t\t\t<\/div>\n\t\t\t\t<\/div>\n\t\t<div class=\"elementor-element elementor-element-9adfbec e-con-full e-flex e-con e-child\" data-id=\"9adfbec\" data-element_type=\"container\" data-e-type=\"container\">\n\t\t\t\t<div class=\"elementor-element elementor-element-9fe2d95 elementor-widget elementor-widget-text-editor\" data-id=\"9fe2d95\" data-element_type=\"widget\" data-e-type=\"widget\" data-widget_type=\"text-editor.default\">\n\t\t\t\t<div class=\"elementor-widget-container\">\n\t\t\t\t\t\t\t\t\t<div>La capacit\u00e9 de l'art \u00e0 stimuler notre imagination pourrait \u00eatre l'une des raisons pour lesquelles nous cr\u00e9ons des \u0153uvres d'art depuis l'\u00e9poque o\u00f9 nous vivions dans des cavernes, explique Kaimal. Cela pourrait avoir un r\u00f4le \u00e9volutif. Elle a d\u00e9velopp\u00e9 une th\u00e9orie selon laquelle la cr\u00e9ation artistique nous aide \u00e0 faire face aux probl\u00e8mes qui pourraient survenir \u00e0 l'avenir. Elle\u00a0<a href=\"https:\/\/www.tandfonline.com\/doi\/abs\/10.1080\/07421656.2019.1667670?journalCode=uart20\" target=\"_blank\" rel=\"noopener\" data-saferedirecturl=\"https:\/\/www.google.com\/url?q=https:\/\/www.tandfonline.com\/doi\/abs\/10.1080\/07421656.2019.1667670?journalCode%3Duart20&amp;source=gmail&amp;ust=1762458213961000&amp;usg=AOvVaw2Jstm_OD2olLI2noZPtLwS\"><span style=\"text-decoration: underline; color: black;\">a \u00e9crit \u00e0 ce sujet<\/span><\/a>\u00a0en octobre dans le\u00a0<em>Journal of the American Art Therapy Association<\/em>.<\/div>\t\t\t\t\t\t\t\t<\/div>\n\t\t\t\t<\/div>\n\t\t\t\t<\/div>\n\t\t\t\t<\/div>\n\t\t\t\t\t<\/div>\n\t\t\t\t<\/div>\n\t\t<div class=\"elementor-element elementor-element-55dc17e e-flex e-con-boxed e-con e-parent\" data-id=\"55dc17e\" data-element_type=\"container\" data-e-type=\"container\" data-settings=\"{&quot;background_background&quot;:&quot;classic&quot;}\">\n\t\t\t\t\t<div class=\"e-con-inner\">\n\t\t\t\t<div class=\"elementor-element elementor-element-384bf9d elementor-widget-divider--view-line elementor-widget elementor-widget-divider\" data-id=\"384bf9d\" data-element_type=\"widget\" data-e-type=\"widget\" data-widget_type=\"divider.default\">\n\t\t\t\t<div class=\"elementor-widget-container\">\n\t\t\t\t\t\t\t<div class=\"elementor-divider\">\n\t\t\t<span class=\"elementor-divider-separator\">\n\t\t\t\t\t\t<\/span>\n\t\t<\/div>\n\t\t\t\t\t\t<\/div>\n\t\t\t\t<\/div>\n\t\t<div class=\"elementor-element elementor-element-51a75a2 e-con-full e-flex e-con e-child\" data-id=\"51a75a2\" data-element_type=\"container\" data-e-type=\"container\">\n\t\t<div class=\"elementor-element elementor-element-44177c8 e-con-full e-flex e-con e-child\" data-id=\"44177c8\" data-element_type=\"container\" data-e-type=\"container\">\n\t\t\t\t<div class=\"elementor-element elementor-element-dd919b1 elementor-widget elementor-widget-heading\" data-id=\"dd919b1\" data-element_type=\"widget\" data-e-type=\"widget\" data-widget_type=\"heading.default\">\n\t\t\t\t<div class=\"elementor-widget-container\">\n\t\t\t\t\t<h2 class=\"elementor-heading-title elementor-size-default\">Il active le centre de r\u00e9compense de notre cerveau.<\/h2>\t\t\t\t<\/div>\n\t\t\t\t<\/div>\n\t\t\t\t<div class=\"elementor-element elementor-element-5577b6a elementor-widget elementor-widget-text-editor\" data-id=\"5577b6a\" data-element_type=\"widget\" data-e-type=\"widget\" data-widget_type=\"text-editor.default\">\n\t\t\t\t<div class=\"elementor-widget-container\">\n\t\t\t\t\t\t\t\t\t<p>Pour beaucoup de gens, cr\u00e9er une \u0153uvre d'art peut \u00eatre stressant. Que vais-je cr\u00e9er ? Quel type de mat\u00e9riaux dois-je utiliser ? Et si je n'y arrive pas ? Et si le r\u00e9sultat est... nul ?<\/p><p>Des \u00e9tudes montrent que malgr\u00e9 ces craintes, \u00ab s'adonner \u00e0 toute forme d'expression visuelle active le circuit de r\u00e9compense dans le cerveau \u00bb, explique Kaimal. \u00ab Cela signifie que vous vous sentez bien et que cela est per\u00e7u comme une exp\u00e9rience agr\u00e9able. \u00bb<\/p>\t\t\t\t\t\t\t\t<\/div>\n\t\t\t\t<\/div>\n\t\t\t\t<\/div>\n\t\t<div class=\"elementor-element elementor-element-246eee6 e-con-full e-flex e-con e-child\" data-id=\"246eee6\" data-element_type=\"container\" data-e-type=\"container\">\n\t\t\t\t<div class=\"elementor-element elementor-element-80b20dc elementor-widget elementor-widget-image\" data-id=\"80b20dc\" data-element_type=\"widget\" data-e-type=\"widget\" data-widget_type=\"image.default\">\n\t\t\t\t<div class=\"elementor-widget-container\">\n\t\t\t\t\t\t\t\t\t\t\t\t\t\t\t<img decoding=\"async\" width=\"800\" height=\"533\" src=\"https:\/\/talcenter.ca\/wp-content\/uploads\/2026\/03\/science-of-art-2-1024x682.webp\" class=\"attachment-large size-large wp-image-3756\" alt=\"\" srcset=\"https:\/\/talcenter.ca\/wp-content\/uploads\/2026\/03\/science-of-art-2-1024x682.webp 1024w, https:\/\/talcenter.ca\/wp-content\/uploads\/2026\/03\/science-of-art-2-300x200.webp 300w, https:\/\/talcenter.ca\/wp-content\/uploads\/2026\/03\/science-of-art-2-768x512.webp 768w, https:\/\/talcenter.ca\/wp-content\/uploads\/2026\/03\/science-of-art-2-1536x1024.webp 1536w, https:\/\/talcenter.ca\/wp-content\/uploads\/2026\/03\/science-of-art-2-18x12.webp 18w, https:\/\/talcenter.ca\/wp-content\/uploads\/2026\/03\/science-of-art-2.webp 2000w\" sizes=\"(max-width: 800px) 100vw, 800px\" \/>\t\t\t\t\t\t\t\t\t\t\t\t\t\t\t<\/div>\n\t\t\t\t<\/div>\n\t\t\t\t<\/div>\n\t\t\t\t<\/div>\n\t\t\t\t\t<\/div>\n\t\t\t\t<\/div>\n\t\t<div class=\"elementor-element elementor-element-0cdd999 e-flex e-con-boxed e-con e-parent\" data-id=\"0cdd999\" data-element_type=\"container\" data-e-type=\"container\">\n\t\t\t\t\t<div class=\"e-con-inner\">\n\t\t<div class=\"elementor-element elementor-element-c1ee2e9 e-con-full e-flex e-con e-child\" data-id=\"c1ee2e9\" data-element_type=\"container\" data-e-type=\"container\">\n\t\t<div class=\"elementor-element elementor-element-89eb275 e-con-full e-flex e-con e-child\" data-id=\"89eb275\" data-element_type=\"container\" data-e-type=\"container\">\n\t\t\t\t<div class=\"elementor-element elementor-element-8d6f6f6 elementor-widget elementor-widget-heading\" data-id=\"8d6f6f6\" data-element_type=\"widget\" data-e-type=\"widget\" data-widget_type=\"heading.default\">\n\t\t\t\t<div class=\"elementor-widget-container\">\n\t\t\t\t\t<h2 class=\"elementor-heading-title elementor-size-default\">L'\u00c9TAT DE FLUX<\/h2>\t\t\t\t<\/div>\n\t\t\t\t<\/div>\n\t\t\t\t<div class=\"elementor-element elementor-element-c0a9b33 elementor-widget elementor-widget-text-editor\" data-id=\"c0a9b33\" data-element_type=\"widget\" data-e-type=\"widget\" data-widget_type=\"text-editor.default\">\n\t\t\t\t<div class=\"elementor-widget-container\">\n\t\t\t\t\t\t\t\t\t<p>\u00ab Lorsque vous \u00eates dans la zone, compl\u00e8tement absorb\u00e9 par la cr\u00e9ation, vous perdez toute notion du temps et de l'espace. \u00bb\u2028<br \/><em>\u2014 Girija Kaimal<\/em><\/p>\t\t\t\t\t\t\t\t<\/div>\n\t\t\t\t<\/div>\n\t\t\t\t<\/div>\n\t\t<div class=\"elementor-element elementor-element-26f066d e-con-full e-flex e-con e-child\" data-id=\"26f066d\" data-element_type=\"container\" data-e-type=\"container\">\n\t\t\t\t<div class=\"elementor-element elementor-element-d294af5 elementor-widget elementor-widget-text-editor\" data-id=\"d294af5\" data-element_type=\"widget\" data-e-type=\"widget\" data-widget_type=\"text-editor.default\">\n\t\t\t\t<div class=\"elementor-widget-container\">\n\t\t\t\t\t\t\t\t\t<p>En fin de compte, selon Kaimal, la cr\u00e9ation artistique devrait induire ce que la communaut\u00e9 scientifique appelle le \u00ab flow \u00bb, cette merveilleuse sensation que l'on \u00e9prouve lorsqu'on est dans la zone. \u00ab C'est cette impression de se perdre soi-m\u00eame, de perdre toute conscience. Vous \u00eates tellement dans l'instant pr\u00e9sent et pleinement concentr\u00e9 que vous en oubliez toute notion de temps et d'espace \u00bb, explique-t-elle. Et que se passe-t-il dans votre cerveau lorsque vous \u00eates dans cet \u00e9tat de flux ? \u00ab Plusieurs r\u00e9seaux s'activent, notamment un \u00e9tat de r\u00e9flexion d\u00e9tendu, une attention concentr\u00e9e sur la t\u00e2che \u00e0 accomplir et un sentiment de plaisir \u00bb, explique-t-elle.<\/p>\t\t\t\t\t\t\t\t<\/div>\n\t\t\t\t<\/div>\n\t\t\t\t<div class=\"elementor-element elementor-element-106d819 elementor-widget elementor-widget-text-editor\" data-id=\"106d819\" data-element_type=\"widget\" data-e-type=\"widget\" data-widget_type=\"text-editor.default\">\n\t\t\t\t<div class=\"elementor-widget-container\">\n\t\t\t\t\t\t\t\t\t<p>Source: \u201c<span style=\"text-decoration: underline;\"><a href=\"https:\/\/www.npr.org\/sections\/health-shots\/2020\/01\/11\/795010044\/feeling-artsy-heres-how-making-art-helps-your-brain\" target=\"_blank\" rel=\"noopener\">Feeling Artsy? Here\u2019s How Making Art Helps Your Brain<\/a><\/span>\u201d \u2014 <span style=\"text-decoration: underline;\"><a href=\"https:\/\/npr.org\" target=\"_blank\" rel=\"noopener\">npr.org<\/a><\/span><\/p>\t\t\t\t\t\t\t\t<\/div>\n\t\t\t\t<\/div>\n\t\t\t\t<\/div>\n\t\t\t\t<\/div>\n\t\t\t\t\t<\/div>\n\t\t\t\t<\/div>\n\t\t<div class=\"elementor-element elementor-element-98abc19 e-flex e-con-boxed e-con e-parent\" data-id=\"98abc19\" data-element_type=\"container\" data-e-type=\"container\" data-settings=\"{&quot;background_background&quot;:&quot;classic&quot;}\">\n\t\t\t\t\t<div class=\"e-con-inner\">\n\t\t<div class=\"elementor-element elementor-element-9604349 e-con-full e-flex e-con e-child\" data-id=\"9604349\" data-element_type=\"container\" data-e-type=\"container\">\n\t\t<div class=\"elementor-element elementor-element-06179a1 e-con-full e-flex e-con e-child\" data-id=\"06179a1\" data-element_type=\"container\" data-e-type=\"container\">\n\t\t\t\t<div class=\"elementor-element elementor-element-79a199d elementor-widget elementor-widget-heading\" data-id=\"79a199d\" data-element_type=\"widget\" data-e-type=\"widget\" data-widget_type=\"heading.default\">\n\t\t\t\t<div class=\"elementor-widget-container\">\n\t\t\t\t\t<h2 class=\"elementor-heading-title elementor-size-default\">L'art et la science s'accordent : la cr\u00e9ativit\u00e9 gu\u00e9rit<\/h2>\t\t\t\t<\/div>\n\t\t\t\t<\/div>\n\t\t\t\t<div class=\"elementor-element elementor-element-923859d elementor-widget__width-initial elementor-widget elementor-widget-text-editor\" data-id=\"923859d\" data-element_type=\"widget\" data-e-type=\"widget\" data-widget_type=\"text-editor.default\">\n\t\t\t\t<div class=\"elementor-widget-container\">\n\t\t\t\t\t\t\t\t\t<p>Que ce soit en peignant, en dessinant ou simplement en explorant les couleurs et les textures, ce processus nous invite \u00e0 renouer avec nous-m\u00eames, un coup de pinceau \u00e0 la fois.<\/p>\t\t\t\t\t\t\t\t<\/div>\n\t\t\t\t<\/div>\n\t\t\t\t<\/div>\n\t\t\t\t<\/div>\n\t\t\t\t<div class=\"elementor-element elementor-element-a465329 elementor-align-center elementor-mobile-align-center elementor-invisible elementor-widget elementor-widget-button\" data-id=\"a465329\" data-element_type=\"widget\" data-e-type=\"widget\" data-settings=\"{&quot;_animation&quot;:&quot;fadeInUp&quot;}\" data-widget_type=\"button.default\">\n\t\t\t\t<div class=\"elementor-widget-container\">\n\t\t\t\t\t\t\t\t\t<div class=\"elementor-button-wrapper\">\n\t\t\t\t\t<a class=\"elementor-button elementor-button-link elementor-size-sm elementor-animation-grow\" href=\"https:\/\/talcenter.ca\/fr\/services\/\">\n\t\t\t\t\t\t<span class=\"elementor-button-content-wrapper\">\n\t\t\t\t\t\t\t\t\t<span class=\"elementor-button-text\">Commen\u00e7ons <\/span>\n\t\t\t\t\t<\/span>\n\t\t\t\t\t<\/a>\n\t\t\t\t<\/div>\n\t\t\t\t\t\t\t\t<\/div>\n\t\t\t\t<\/div>\n\t\t\t\t\t<\/div>\n\t\t\t\t<\/div>\n\t\t\t\t<\/div>","protected":false},"excerpt":{"rendered":"<p>A little science behind the Art For thousands of years, people have turned to art for self-expression, healing, and connection.Today, science helps us understand why \u2014 creativity doesn\u2019t just inspire us, it transforms the brain. A Timeless Practice Across cultures and centuries, humans have relied on the arts to communicate, release emotion, and find meaning.\u2028Long [&hellip;]<\/p>\n","protected":false},"author":1,"featured_media":0,"parent":0,"menu_order":0,"comment_status":"closed","ping_status":"closed","template":"","meta":{"footnotes":""},"class_list":["post-2833","page","type-page","status-publish","hentry"],"_links":{"self":[{"href":"https:\/\/talcenter.ca\/fr\/wp-json\/wp\/v2\/pages\/2833","targetHints":{"allow":["GET"]}}],"collection":[{"href":"https:\/\/talcenter.ca\/fr\/wp-json\/wp\/v2\/pages"}],"about":[{"href":"https:\/\/talcenter.ca\/fr\/wp-json\/wp\/v2\/types\/page"}],"author":[{"embeddable":true,"href":"https:\/\/talcenter.ca\/fr\/wp-json\/wp\/v2\/users\/1"}],"replies":[{"embeddable":true,"href":"https:\/\/talcenter.ca\/fr\/wp-json\/wp\/v2\/comments?post=2833"}],"version-history":[{"count":151,"href":"https:\/\/talcenter.ca\/fr\/wp-json\/wp\/v2\/pages\/2833\/revisions"}],"predecessor-version":[{"id":3759,"href":"https:\/\/talcenter.ca\/fr\/wp-json\/wp\/v2\/pages\/2833\/revisions\/3759"}],"wp:attachment":[{"href":"https:\/\/talcenter.ca\/fr\/wp-json\/wp\/v2\/media?parent=2833"}],"curies":[{"name":"wp","href":"https:\/\/api.w.org\/{rel}","templated":true}]}}