{"id":1323,"date":"2025-10-23T13:53:28","date_gmt":"2025-10-23T13:53:28","guid":{"rendered":"https:\/\/talcenter.ca\/?page_id=1323"},"modified":"2026-03-16T19:23:49","modified_gmt":"2026-03-16T19:23:49","slug":"about","status":"publish","type":"page","link":"https:\/\/talcenter.ca\/fr\/about\/","title":{"rendered":"\u00c0 PROPOS"},"content":{"rendered":"<div data-elementor-type=\"wp-page\" data-elementor-id=\"1323\" class=\"elementor elementor-1323\" data-elementor-post-type=\"page\">\n\t\t\t\t<div class=\"elementor-element elementor-element-1252efc e-con-full animated-fast e-flex elementor-invisible e-con e-parent\" data-id=\"1252efc\" data-element_type=\"container\" data-e-type=\"container\" data-settings=\"{&quot;background_background&quot;:&quot;classic&quot;,&quot;animation&quot;:&quot;fadeIn&quot;}\">\n\t\t\t\t<\/div>\n\t\t<div class=\"elementor-element elementor-element-483c01b7 e-flex e-con-boxed e-con e-parent\" data-id=\"483c01b7\" data-element_type=\"container\" data-e-type=\"container\" data-settings=\"{&quot;background_background&quot;:&quot;classic&quot;}\">\n\t\t\t\t\t<div class=\"e-con-inner\">\n\t\t<div class=\"elementor-element elementor-element-46266fe0 e-con-full e-flex e-con e-child\" data-id=\"46266fe0\" data-element_type=\"container\" data-e-type=\"container\">\n\t\t\t\t<div class=\"elementor-element elementor-element-5465ab1 elementor-widget__width-inherit elementor-widget-divider--view-line elementor-invisible elementor-widget elementor-widget-divider\" data-id=\"5465ab1\" data-element_type=\"widget\" data-e-type=\"widget\" data-settings=\"{&quot;_animation&quot;:&quot;fadeInLeft&quot;}\" data-widget_type=\"divider.default\">\n\t\t\t\t<div class=\"elementor-widget-container\">\n\t\t\t\t\t\t\t<div class=\"elementor-divider\">\n\t\t\t<span class=\"elementor-divider-separator\">\n\t\t\t\t\t\t<\/span>\n\t\t<\/div>\n\t\t\t\t\t\t<\/div>\n\t\t\t\t<\/div>\n\t\t\t\t<div class=\"elementor-element elementor-element-68b868a1 elementor-widget__width-inherit elementor-widget-mobile__width-inherit elementor-widget elementor-widget-image-box\" data-id=\"68b868a1\" data-element_type=\"widget\" data-e-type=\"widget\" data-widget_type=\"image-box.default\">\n\t\t\t\t<div class=\"elementor-widget-container\">\n\t\t\t\t\t<div class=\"elementor-image-box-wrapper\"><div class=\"elementor-image-box-content\"><h1 class=\"elementor-image-box-title\">\u00c0 propos de moi<\/h1><p class=\"elementor-image-box-description\">En tant que praticienne certifi\u00e9e en arts th\u00e9rapeutiques, j'ai pu constater les bienfaits de cette approche de multiples fa\u00e7ons.  J'ai vu les yeux d'un enfant s'illuminer parce qu'il avait d\u00e9couvert dans son dessin quelque chose qui l'avait aid\u00e9 \u00e0 am\u00e9liorer son humeur, et j'ai vu des adultes, d'abord h\u00e9sitants \u00e0 s'adonner \u00e0 presque n'importe quelle forme d'art, ressentir une catharsis \u00e0 la fin d'un exercice.<br><br>Que je travaille avec des adultes ou des enfants, la gratitude que je ressens pour la joie qu'ils \u00e9prouvent est ma source d'\u00e9nergie.&nbsp; &nbsp;<\/p><\/div><\/div>\t\t\t\t<\/div>\n\t\t\t\t<\/div>\n\t\t\t\t<div class=\"elementor-element elementor-element-6e6f4b32 elementor-widget elementor-widget-image\" data-id=\"6e6f4b32\" data-element_type=\"widget\" data-e-type=\"widget\" data-widget_type=\"image.default\">\n\t\t\t\t<div class=\"elementor-widget-container\">\n\t\t\t\t\t\t\t\t\t\t\t\t\t\t\t<img fetchpriority=\"high\" decoding=\"async\" width=\"800\" height=\"835\" src=\"https:\/\/talcenter.ca\/wp-content\/uploads\/2025\/12\/Helen-2-981x1024.jpg\" class=\"attachment-large size-large wp-image-3337\" alt=\"\" srcset=\"https:\/\/talcenter.ca\/wp-content\/uploads\/2025\/12\/Helen-2-981x1024.jpg 981w, https:\/\/talcenter.ca\/wp-content\/uploads\/2025\/12\/Helen-2-287x300.jpg 287w, https:\/\/talcenter.ca\/wp-content\/uploads\/2025\/12\/Helen-2-768x802.jpg 768w, https:\/\/talcenter.ca\/wp-content\/uploads\/2025\/12\/Helen-2.jpg 1136w\" sizes=\"(max-width: 800px) 100vw, 800px\" \/>\t\t\t\t\t\t\t\t\t\t\t\t\t\t\t<\/div>\n\t\t\t\t<\/div>\n\t\t\t\t<\/div>\n\t\t<div class=\"elementor-element elementor-element-4b5f31d0 e-con-full e-flex e-con e-child\" data-id=\"4b5f31d0\" data-element_type=\"container\" data-e-type=\"container\">\n\t\t\t\t<div class=\"elementor-element elementor-element-23578334 elementor-widget__width-initial elementor-widget-tablet__width-inherit elementor-widget-mobile__width-inherit elementor-position-top elementor-widget elementor-widget-image-box\" data-id=\"23578334\" data-element_type=\"widget\" data-e-type=\"widget\" data-widget_type=\"image-box.default\">\n\t\t\t\t<div class=\"elementor-widget-container\">\n\t\t\t\t\t<div class=\"elementor-image-box-wrapper\"><figure class=\"elementor-image-box-img\"><img decoding=\"async\" width=\"1491\" height=\"1844\" src=\"https:\/\/talcenter.ca\/wp-content\/uploads\/2025\/12\/Helen3-1.jpg\" class=\"attachment-full size-full wp-image-3348\" alt=\"\" srcset=\"https:\/\/talcenter.ca\/wp-content\/uploads\/2025\/12\/Helen3-1.jpg 1491w, https:\/\/talcenter.ca\/wp-content\/uploads\/2025\/12\/Helen3-1-243x300.jpg 243w, https:\/\/talcenter.ca\/wp-content\/uploads\/2025\/12\/Helen3-1-828x1024.jpg 828w, https:\/\/talcenter.ca\/wp-content\/uploads\/2025\/12\/Helen3-1-768x950.jpg 768w, https:\/\/talcenter.ca\/wp-content\/uploads\/2025\/12\/Helen3-1-1242x1536.jpg 1242w\" sizes=\"(max-width: 1491px) 100vw, 1491px\" \/><\/figure><div class=\"elementor-image-box-content\"><p class=\"elementor-image-box-description\">C'est ce qui me pousse \u00e0 continuer \u00e0 travailler avec les gens dans cette modalit\u00e9. L'art fait partie de ma vie depuis de nombreuses ann\u00e9es, mais ce n'est que depuis six ans que j'ai commenc\u00e9 \u00e0 l'utiliser comme une forme d'auto-gu\u00e9rison et comme une pratique de bien-\u00eatre presque quotidienne. <br><br>Je vous souhaite de trouver un exutoire cr\u00e9atif qui vous apporte un moment de paix, une forme de lib\u00e9ration et une joie bien m\u00e9rit\u00e9e.&nbsp; <br><br>L'aquarelle est ma joie, j'esp\u00e8re que vous trouverez la v\u00f4tre. <br><br>\n\n- Helen<\/p><\/div><\/div>\t\t\t\t<\/div>\n\t\t\t\t<\/div>\n\t\t\t\t<\/div>\n\t\t\t\t\t<\/div>\n\t\t\t\t<\/div>\n\t\t<div class=\"elementor-element elementor-element-33078e9 e-flex e-con-boxed e-con e-parent\" data-id=\"33078e9\" data-element_type=\"container\" data-e-type=\"container\" data-settings=\"{&quot;background_background&quot;:&quot;classic&quot;}\">\n\t\t\t\t\t<div class=\"e-con-inner\">\n\t\t\t\t<div class=\"elementor-element elementor-element-88a62b7 elementor-widget-divider--view-line elementor-widget elementor-widget-divider\" data-id=\"88a62b7\" data-element_type=\"widget\" data-e-type=\"widget\" data-widget_type=\"divider.default\">\n\t\t\t\t<div class=\"elementor-widget-container\">\n\t\t\t\t\t\t\t<div class=\"elementor-divider\">\n\t\t\t<span class=\"elementor-divider-separator\">\n\t\t\t\t\t\t<\/span>\n\t\t<\/div>\n\t\t\t\t\t\t<\/div>\n\t\t\t\t<\/div>\n\t\t\t\t<div class=\"elementor-element elementor-element-9f7b55d elementor-widget elementor-widget-heading\" data-id=\"9f7b55d\" data-element_type=\"widget\" data-e-type=\"widget\" data-widget_type=\"heading.default\">\n\t\t\t\t<div class=\"elementor-widget-container\">\n\t\t\t\t\t<h2 class=\"elementor-heading-title elementor-size-default\">Arts th\u00e9rapeutiques<\/h2>\t\t\t\t<\/div>\n\t\t\t\t<\/div>\n\t\t<div class=\"elementor-element elementor-element-c062c9a e-con-full e-flex e-con e-child\" data-id=\"c062c9a\" data-element_type=\"container\" data-e-type=\"container\">\n\t\t\t\t<div class=\"elementor-element elementor-element-ee51941 elementor-widget__width-initial elementor-widget elementor-widget-text-editor\" data-id=\"ee51941\" data-element_type=\"widget\" data-e-type=\"widget\" data-widget_type=\"text-editor.default\">\n\t\t\t\t<div class=\"elementor-widget-container\">\n\t\t\t\t\t\t\t\t\t<p>Beaucoup d'entre nous ont appris \u00e0 ne pas ressentir certaines \u00e9motions et ont ainsi  appris \u00e0 les r\u00e9primer comme m\u00e9canisme de d\u00e9fense. Dieu vous garde de vous mettre en col\u00e8re, d'\u00eatre triste ou d\u00e9\u00e7u, Dieu vous garde de l'exprimer. Cela met les autres mal \u00e0 l'aise. Et nous apprenons alors \u00e0 \u00eatre mal \u00e0 l'aise avec nos propres sentiments, car ils mettent les autres mal \u00e0 l'aise.<\/p><p>Pensez aux tr\u00e8s jeunes enfants et \u00e0 la fa\u00e7on dont ils passent d'une \u00e9motion \u00e0 l'autre tr\u00e8s rapidement, sans honte. Ils rient et jouent avec un ballon, puis tout \u00e0 coup, ils se mettent \u00e0 pleurer de mani\u00e8re hyst\u00e9rique sans raison apparente.  Tout cela est parfaitement normal pour eux,  car c'est le cas. Ils ne se sentent pas mal d'avoir caus\u00e9 du tapage autour d'eux, ils ressentent simplement leurs \u00e9motions, puis ils se sentent mieux.  Mais lorsqu'on leur dit de ne pas pleurer ou qu'ils voient que leurs larmes ou leur chagrin affectent n\u00e9gativement leur entourage (maman n'aime pas \u00e7a, \u00e7a la rend triste, leur fr\u00e8re se f\u00e2che), ils apprennent peu \u00e0 peu \u00e0 r\u00e9primer leurs \u00ab mauvais \u00bb sentiments.<\/p><p>Si on ne nous montre pas que tous les sentiments sont acceptables, nous essayons de r\u00e9primer ceux que nous consid\u00e9rons comme mauvais ou trop forts, et nous les refoulons.<\/p>\t\t\t\t\t\t\t\t<\/div>\n\t\t\t\t<\/div>\n\t\t\t\t<div class=\"elementor-element elementor-element-23d357f elementor-widget__width-initial elementor-widget elementor-widget-text-editor\" data-id=\"23d357f\" data-element_type=\"widget\" data-e-type=\"widget\" data-widget_type=\"text-editor.default\">\n\t\t\t\t<div class=\"elementor-widget-container\">\n\t\t\t\t\t\t\t\t\t<p>Les sentiments ne sont ni bons ni mauvais, ce ne sont que des signaux. Ils vont et viennent avec le temps. Certains m\u00e9ritent qu'on les \u00e9coute, d'autres qu'on les laisse passer. C'est lorsque nous essayons de les contr\u00f4ler ou de les r\u00e9primer qu'ils prennent le dessus sur nous et deviennent incontr\u00f4lables.<\/p><p>Avec toute la pratique et l'entra\u00eenement n\u00e9cessaires pour nous assurer que les autres se sentent toujours \u00e0 l'aise, nous oublions d'\u00e9couter ce que notre corps nous dit, pour notre propre protection ; toutes les r\u00e9actions physiques qui nous indiquent en r\u00e9alit\u00e9 que nous ne sommes pas \u00e0 l'aise. Au lieu de cela, nous nous concentrons sur les r\u00e9actions physiques qui nous indiquent que nous mettons quelqu'un d'autre mal \u00e0 l'aise. Et nous le faisons inconsciemment, cela devient une seconde nature.<\/p><p>Qu'il s'agisse de n\u0153uds dans l'estomac, de mains moites, de maux de t\u00eate, de palpitations cardiaques, quels que soient les signaux que notre corps nous envoie, ils sont plus importants que ce que notre esprit nous dit. Ce qui se trouve dans votre esprit est influenc\u00e9 par votre programmation et vos pens\u00e9es. Ce que votre corps vous dit est tr\u00e8s r\u00e9el.<\/p>\t\t\t\t\t\t\t\t<\/div>\n\t\t\t\t<\/div>\n\t\t\t\t<\/div>\n\t\t\t\t\t<\/div>\n\t\t\t\t<\/div>\n\t\t<div class=\"elementor-element elementor-element-71cd1b9 e-flex e-con-boxed e-con e-parent\" data-id=\"71cd1b9\" data-element_type=\"container\" data-e-type=\"container\">\n\t\t\t\t\t<div class=\"e-con-inner\">\n\t\t\t\t<div class=\"elementor-element elementor-element-0554d38 elementor-widget elementor-widget-gallery\" data-id=\"0554d38\" data-element_type=\"widget\" data-e-type=\"widget\" data-settings=\"{&quot;columns&quot;:3,&quot;gap&quot;:{&quot;unit&quot;:&quot;px&quot;,&quot;size&quot;:15,&quot;sizes&quot;:[]},&quot;lazyload&quot;:&quot;yes&quot;,&quot;gallery_layout&quot;:&quot;grid&quot;,&quot;columns_tablet&quot;:2,&quot;columns_mobile&quot;:1,&quot;gap_laptop&quot;:{&quot;unit&quot;:&quot;px&quot;,&quot;size&quot;:10,&quot;sizes&quot;:[]},&quot;gap_tablet_extra&quot;:{&quot;unit&quot;:&quot;px&quot;,&quot;size&quot;:10,&quot;sizes&quot;:[]},&quot;gap_tablet&quot;:{&quot;unit&quot;:&quot;px&quot;,&quot;size&quot;:10,&quot;sizes&quot;:[]},&quot;gap_mobile&quot;:{&quot;unit&quot;:&quot;px&quot;,&quot;size&quot;:10,&quot;sizes&quot;:[]},&quot;link_to&quot;:&quot;file&quot;,&quot;aspect_ratio&quot;:&quot;3:2&quot;,&quot;overlay_background&quot;:&quot;yes&quot;,&quot;content_hover_animation&quot;:&quot;fade-in&quot;}\" data-widget_type=\"gallery.default\">\n\t\t\t\t<div class=\"elementor-widget-container\">\n\t\t\t\t\t\t\t<div class=\"elementor-gallery__container\">\n\t\t\t\t\t\t\t<a class=\"e-gallery-item elementor-gallery-item elementor-animated-content\" href=\"https:\/\/talcenter.ca\/wp-content\/uploads\/2025\/10\/helen-art-6.webp\" data-elementor-open-lightbox=\"yes\" data-elementor-lightbox-slideshow=\"0554d38\" data-elementor-lightbox-title=\"helen-art-6\" data-e-action-hash=\"#elementor-action%3Aaction%3Dlightbox%26settings%3DeyJpZCI6MjY1NCwidXJsIjoiaHR0cHM6XC9cL3RhbGNlbnRlci5jYVwvd3AtY29udGVudFwvdXBsb2Fkc1wvMjAyNVwvMTBcL2hlbGVuLWFydC02LndlYnAiLCJzbGlkZXNob3ciOiIwNTU0ZDM4In0%3D\">\n\t\t\t\t\t<div class=\"e-gallery-image elementor-gallery-item__image\" data-thumbnail=\"https:\/\/talcenter.ca\/wp-content\/uploads\/2025\/10\/helen-art-6-300x210.webp\" data-width=\"300\" data-height=\"210\" aria-label=\"\" role=\"img\" ><\/div>\n\t\t\t\t\t\t\t\t\t\t\t<div class=\"elementor-gallery-item__overlay\"><\/div>\n\t\t\t\t\t\t\t\t\t\t\t\t\t\t<\/a>\n\t\t\t\t\t\t\t<a class=\"e-gallery-item elementor-gallery-item elementor-animated-content\" href=\"https:\/\/talcenter.ca\/wp-content\/uploads\/2025\/10\/helen-art-4.webp\" data-elementor-open-lightbox=\"yes\" data-elementor-lightbox-slideshow=\"0554d38\" data-elementor-lightbox-title=\"helen-art-4\" data-e-action-hash=\"#elementor-action%3Aaction%3Dlightbox%26settings%3DeyJpZCI6MjY1MiwidXJsIjoiaHR0cHM6XC9cL3RhbGNlbnRlci5jYVwvd3AtY29udGVudFwvdXBsb2Fkc1wvMjAyNVwvMTBcL2hlbGVuLWFydC00LndlYnAiLCJzbGlkZXNob3ciOiIwNTU0ZDM4In0%3D\">\n\t\t\t\t\t<div class=\"e-gallery-image elementor-gallery-item__image\" data-thumbnail=\"https:\/\/talcenter.ca\/wp-content\/uploads\/2025\/10\/helen-art-4-300x295.webp\" data-width=\"300\" data-height=\"295\" aria-label=\"\" role=\"img\" ><\/div>\n\t\t\t\t\t\t\t\t\t\t\t<div class=\"elementor-gallery-item__overlay\"><\/div>\n\t\t\t\t\t\t\t\t\t\t\t\t\t\t<\/a>\n\t\t\t\t\t\t\t<a class=\"e-gallery-item elementor-gallery-item elementor-animated-content\" href=\"https:\/\/talcenter.ca\/wp-content\/uploads\/2025\/10\/Helen-art-5.webp\" data-elementor-open-lightbox=\"yes\" data-elementor-lightbox-slideshow=\"0554d38\" data-elementor-lightbox-title=\"Helen-art-5\" data-e-action-hash=\"#elementor-action%3Aaction%3Dlightbox%26settings%3DeyJpZCI6MjY1MywidXJsIjoiaHR0cHM6XC9cL3RhbGNlbnRlci5jYVwvd3AtY29udGVudFwvdXBsb2Fkc1wvMjAyNVwvMTBcL0hlbGVuLWFydC01LndlYnAiLCJzbGlkZXNob3ciOiIwNTU0ZDM4In0%3D\">\n\t\t\t\t\t<div class=\"e-gallery-image elementor-gallery-item__image\" data-thumbnail=\"https:\/\/talcenter.ca\/wp-content\/uploads\/2025\/10\/Helen-art-5-300x206.webp\" data-width=\"300\" data-height=\"206\" aria-label=\"\" role=\"img\" ><\/div>\n\t\t\t\t\t\t\t\t\t\t\t<div class=\"elementor-gallery-item__overlay\"><\/div>\n\t\t\t\t\t\t\t\t\t\t\t\t\t\t<\/a>\n\t\t\t\t\t\t\t<a class=\"e-gallery-item elementor-gallery-item elementor-animated-content\" href=\"https:\/\/talcenter.ca\/wp-content\/uploads\/2025\/10\/helen-art-1.webp\" data-elementor-open-lightbox=\"yes\" data-elementor-lightbox-slideshow=\"0554d38\" data-elementor-lightbox-title=\"helen-art-1\" data-e-action-hash=\"#elementor-action%3Aaction%3Dlightbox%26settings%3DeyJpZCI6MjY0OSwidXJsIjoiaHR0cHM6XC9cL3RhbGNlbnRlci5jYVwvd3AtY29udGVudFwvdXBsb2Fkc1wvMjAyNVwvMTBcL2hlbGVuLWFydC0xLndlYnAiLCJzbGlkZXNob3ciOiIwNTU0ZDM4In0%3D\">\n\t\t\t\t\t<div class=\"e-gallery-image elementor-gallery-item__image\" data-thumbnail=\"https:\/\/talcenter.ca\/wp-content\/uploads\/2025\/10\/helen-art-1-300x180.webp\" data-width=\"300\" data-height=\"180\" aria-label=\"\" role=\"img\" ><\/div>\n\t\t\t\t\t\t\t\t\t\t\t<div class=\"elementor-gallery-item__overlay\"><\/div>\n\t\t\t\t\t\t\t\t\t\t\t\t\t\t<\/a>\n\t\t\t\t\t\t\t<a class=\"e-gallery-item elementor-gallery-item elementor-animated-content\" href=\"https:\/\/talcenter.ca\/wp-content\/uploads\/2025\/10\/helen-art-3.webp\" data-elementor-open-lightbox=\"yes\" data-elementor-lightbox-slideshow=\"0554d38\" data-elementor-lightbox-title=\"helen-art-3\" data-e-action-hash=\"#elementor-action%3Aaction%3Dlightbox%26settings%3DeyJpZCI6MjY1MSwidXJsIjoiaHR0cHM6XC9cL3RhbGNlbnRlci5jYVwvd3AtY29udGVudFwvdXBsb2Fkc1wvMjAyNVwvMTBcL2hlbGVuLWFydC0zLndlYnAiLCJzbGlkZXNob3ciOiIwNTU0ZDM4In0%3D\">\n\t\t\t\t\t<div class=\"e-gallery-image elementor-gallery-item__image\" data-thumbnail=\"https:\/\/talcenter.ca\/wp-content\/uploads\/2025\/10\/helen-art-3-232x300.webp\" data-width=\"232\" data-height=\"300\" aria-label=\"\" role=\"img\" ><\/div>\n\t\t\t\t\t\t\t\t\t\t\t<div class=\"elementor-gallery-item__overlay\"><\/div>\n\t\t\t\t\t\t\t\t\t\t\t\t\t\t<\/a>\n\t\t\t\t\t\t\t<a class=\"e-gallery-item elementor-gallery-item elementor-animated-content\" href=\"https:\/\/talcenter.ca\/wp-content\/uploads\/2025\/10\/IMG_7239.jpg\" data-elementor-open-lightbox=\"yes\" data-elementor-lightbox-slideshow=\"0554d38\" data-elementor-lightbox-title=\"IMG_7239\" data-e-action-hash=\"#elementor-action%3Aaction%3Dlightbox%26settings%3DeyJpZCI6MjY2NSwidXJsIjoiaHR0cHM6XC9cL3RhbGNlbnRlci5jYVwvd3AtY29udGVudFwvdXBsb2Fkc1wvMjAyNVwvMTBcL0lNR183MjM5LmpwZyIsInNsaWRlc2hvdyI6IjA1NTRkMzgifQ%3D%3D\">\n\t\t\t\t\t<div class=\"e-gallery-image elementor-gallery-item__image\" data-thumbnail=\"https:\/\/talcenter.ca\/wp-content\/uploads\/2025\/10\/IMG_7239-300x208.jpg\" data-width=\"300\" data-height=\"208\" aria-label=\"\" role=\"img\" ><\/div>\n\t\t\t\t\t\t\t\t\t\t\t<div class=\"elementor-gallery-item__overlay\"><\/div>\n\t\t\t\t\t\t\t\t\t\t\t\t\t\t<\/a>\n\t\t\t\t\t<\/div>\n\t\t\t\t\t<\/div>\n\t\t\t\t<\/div>\n\t\t\t\t\t<\/div>\n\t\t\t\t<\/div>\n\t\t\t\t<\/div>","protected":false},"excerpt":{"rendered":"<p>About ME As a certified Therapeutic Arts Practitioner I\u2019ve seen the benefits in so many different ways.&nbsp; From watching a child\u2019s eyes light up because he saw something in his drawing that helped lighten his bad mood, to adults hesitant at first, in engaging in almost any form of art only to feel a catharsis [&hellip;]<\/p>\n","protected":false},"author":1,"featured_media":0,"parent":0,"menu_order":0,"comment_status":"closed","ping_status":"closed","template":"","meta":{"footnotes":""},"class_list":["post-1323","page","type-page","status-publish","hentry"],"_links":{"self":[{"href":"https:\/\/talcenter.ca\/fr\/wp-json\/wp\/v2\/pages\/1323","targetHints":{"allow":["GET"]}}],"collection":[{"href":"https:\/\/talcenter.ca\/fr\/wp-json\/wp\/v2\/pages"}],"about":[{"href":"https:\/\/talcenter.ca\/fr\/wp-json\/wp\/v2\/types\/page"}],"author":[{"embeddable":true,"href":"https:\/\/talcenter.ca\/fr\/wp-json\/wp\/v2\/users\/1"}],"replies":[{"embeddable":true,"href":"https:\/\/talcenter.ca\/fr\/wp-json\/wp\/v2\/comments?post=1323"}],"version-history":[{"count":271,"href":"https:\/\/talcenter.ca\/fr\/wp-json\/wp\/v2\/pages\/1323\/revisions"}],"predecessor-version":[{"id":3755,"href":"https:\/\/talcenter.ca\/fr\/wp-json\/wp\/v2\/pages\/1323\/revisions\/3755"}],"wp:attachment":[{"href":"https:\/\/talcenter.ca\/fr\/wp-json\/wp\/v2\/media?parent=1323"}],"curies":[{"name":"wp","href":"https:\/\/api.w.org\/{rel}","templated":true}]}}